{"id":3162,"date":"2020-01-27T18:24:41","date_gmt":"2020-01-27T19:24:41","guid":{"rendered":"https:\/\/tehrancoal.com\/?page_id=3162"},"modified":"2025-01-26T09:46:57","modified_gmt":"2025-01-26T10:46:57","slug":"hesabim","status":"publish","type":"page","link":"https:\/\/tehrancoal.com\/tr\/hesabim\/","title":{"rendered":"hesab\u0131m"},"content":{"rendered":"","protected":false},"excerpt":{"rendered":"","protected":false},"author":2,"featured_media":0,"parent":0,"menu_order":0,"comment_status":"closed","ping_status":"closed","template":"","meta":{"footnotes":""},"class_list":["post-3162","page","type-page","status-publish","hentry"],"yoast_head":"<!-- This site is optimized with the Yoast SEO Premium plugin v23.4 (Yoast SEO v24.0) - https:\/\/yoast.com\/wordpress\/plugins\/seo\/ -->\n<title>hesab\u0131m - Tahran K\u00f6m\u00fcr \u015eirketi<\/title>\n<meta name=\"robots\" content=\"index, follow, max-snippet:-1, max-image-preview:large, max-video-preview:-1\" \/>\n<link rel=\"canonical\" href=\"https:\/\/tehrancoal.com\/tr\/hesabim\/\" \/>\n<meta property=\"og:locale\" content=\"tr_TR\" \/>\n<meta property=\"og:type\" content=\"article\" \/>\n<meta property=\"og:title\" content=\"hesab\u0131m\" \/>\n<meta property=\"og:url\" content=\"https:\/\/tehrancoal.com\/tr\/hesabim\/\" \/>\n<meta property=\"og:site_name\" content=\"Tahran K\u00f6m\u00fcr \u015eirketi\" \/>\n<meta property=\"article:modified_time\" content=\"2025-01-26T10:46:57+00:00\" \/>\n<meta name=\"twitter:card\" content=\"summary_large_image\" \/>\n<script type=\"application\/ld+json\" class=\"yoast-schema-graph\">{\"@context\":\"https:\/\/schema.org\",\"@graph\":[{\"@type\":\"WebPage\",\"@id\":\"https:\/\/tehrancoal.com\/tr\/hesabim\/\",\"url\":\"https:\/\/tehrancoal.com\/tr\/hesabim\/\",\"name\":\"hesab\u0131m - Tahran K\u00f6m\u00fcr \u015eirketi\",\"isPartOf\":{\"@id\":\"https:\/\/tehrancoal.com\/#website\"},\"datePublished\":\"2020-01-27T19:24:41+00:00\",\"dateModified\":\"2025-01-26T10:46:57+00:00\",\"breadcrumb\":{\"@id\":\"https:\/\/tehrancoal.com\/tr\/hesabim\/#breadcrumb\"},\"inLanguage\":\"tr\",\"potentialAction\":[{\"@type\":\"ReadAction\",\"target\":[\"https:\/\/tehrancoal.com\/tr\/hesabim\/\"]}]},{\"@type\":\"BreadcrumbList\",\"@id\":\"https:\/\/tehrancoal.com\/tr\/hesabim\/#breadcrumb\",\"itemListElement\":[{\"@type\":\"ListItem\",\"position\":1,\"name\":\"Ev\u067e\",\"item\":\"https:\/\/tehrancoal.com\/tr\/\"},{\"@type\":\"ListItem\",\"position\":2,\"name\":\"hesab\u0131m\"}]},{\"@type\":\"WebSite\",\"@id\":\"https:\/\/tehrancoal.com\/#website\",\"url\":\"https:\/\/tehrancoal.com\/\",\"name\":\"Tahran K\u00f6m\u00fcr \u015eirketi\",\"description\":\"\u0632\u063a\u0627\u0644 \u062f\u0648\u062f\u06cc\u0646\u0648\",\"potentialAction\":[{\"@type\":\"SearchAction\",\"target\":{\"@type\":\"EntryPoint\",\"urlTemplate\":\"https:\/\/tehrancoal.com\/?s={search_term_string}\"},\"query-input\":{\"@type\":\"PropertyValueSpecification\",\"valueRequired\":true,\"valueName\":\"search_term_string\"}}],\"inLanguage\":\"tr\"}]}<\/script>\n<!-- \/ Yoast SEO Premium plugin. -->","yoast_head_json":{"title":"hesab\u0131m - Tahran K\u00f6m\u00fcr \u015eirketi","robots":{"index":"index","follow":"follow","max-snippet":"max-snippet:-1","max-image-preview":"max-image-preview:large","max-video-preview":"max-video-preview:-1"},"canonical":"https:\/\/tehrancoal.com\/tr\/hesabim\/","og_locale":"tr_TR","og_type":"article","og_title":"hesab\u0131m","og_url":"https:\/\/tehrancoal.com\/tr\/hesabim\/","og_site_name":"Tahran K\u00f6m\u00fcr \u015eirketi","article_modified_time":"2025-01-26T10:46:57+00:00","twitter_card":"summary_large_image","schema":{"@context":"https:\/\/schema.org","@graph":[{"@type":"WebPage","@id":"https:\/\/tehrancoal.com\/tr\/hesabim\/","url":"https:\/\/tehrancoal.com\/tr\/hesabim\/","name":"hesab\u0131m - Tahran K\u00f6m\u00fcr \u015eirketi","isPartOf":{"@id":"https:\/\/tehrancoal.com\/#website"},"datePublished":"2020-01-27T19:24:41+00:00","dateModified":"2025-01-26T10:46:57+00:00","breadcrumb":{"@id":"https:\/\/tehrancoal.com\/tr\/hesabim\/#breadcrumb"},"inLanguage":"tr","potentialAction":[{"@type":"ReadAction","target":["https:\/\/tehrancoal.com\/tr\/hesabim\/"]}]},{"@type":"BreadcrumbList","@id":"https:\/\/tehrancoal.com\/tr\/hesabim\/#breadcrumb","itemListElement":[{"@type":"ListItem","position":1,"name":"Ev\u067e","item":"https:\/\/tehrancoal.com\/tr\/"},{"@type":"ListItem","position":2,"name":"hesab\u0131m"}]},{"@type":"WebSite","@id":"https:\/\/tehrancoal.com\/#website","url":"https:\/\/tehrancoal.com\/","name":"Tahran K\u00f6m\u00fcr \u015eirketi","description":"\u0632\u063a\u0627\u0644 \u062f\u0648\u062f\u06cc\u0646\u0648","potentialAction":[{"@type":"SearchAction","target":{"@type":"EntryPoint","urlTemplate":"https:\/\/tehrancoal.com\/?s={search_term_string}"},"query-input":{"@type":"PropertyValueSpecification","valueRequired":true,"valueName":"search_term_string"}}],"inLanguage":"tr"}]}},"_links":{"self":[{"href":"https:\/\/tehrancoal.com\/tr\/wp-json\/wp\/v2\/pages\/3162","targetHints":{"allow":["GET"]}}],"collection":[{"href":"https:\/\/tehrancoal.com\/tr\/wp-json\/wp\/v2\/pages"}],"about":[{"href":"https:\/\/tehrancoal.com\/tr\/wp-json\/wp\/v2\/types\/page"}],"author":[{"embeddable":true,"href":"https:\/\/tehrancoal.com\/tr\/wp-json\/wp\/v2\/users\/2"}],"replies":[{"embeddable":true,"href":"https:\/\/tehrancoal.com\/tr\/wp-json\/wp\/v2\/comments?post=3162"}],"version-history":[{"count":1,"href":"https:\/\/tehrancoal.com\/tr\/wp-json\/wp\/v2\/pages\/3162\/revisions"}],"predecessor-version":[{"id":3163,"href":"https:\/\/tehrancoal.com\/tr\/wp-json\/wp\/v2\/pages\/3162\/revisions\/3163"}],"wp:attachment":[{"href":"https:\/\/tehrancoal.com\/tr\/wp-json\/wp\/v2\/media?parent=3162"}],"curies":[{"name":"wp","href":"https:\/\/api.w.org\/{rel}","templated":true}]}}