{"id":3164,"date":"2024-12-11T08:51:34","date_gmt":"2024-12-11T09:51:34","guid":{"rendered":"https:\/\/tehrancoal.com\/?page_id=3164"},"modified":"2025-01-26T09:54:39","modified_gmt":"2025-01-26T10:54:39","slug":"hakkimizda","status":"publish","type":"page","link":"https:\/\/tehrancoal.com\/tr\/hakkimizda\/","title":{"rendered":"Hakk\u0131m\u0131zda"},"content":{"rendered":"\t\t<div data-elementor-type=\"wp-page\" data-elementor-id=\"3164\" class=\"elementor elementor-3164 elementor-1826\">\n\t\t\t\t\t\t\t\t\t<section class=\"wd-negative-gap elementor-section elementor-top-section elementor-element elementor-element-9f2295a elementor-section-boxed elementor-section-height-default elementor-section-height-default wd-section-disabled\" data-id=\"9f2295a\" data-element_type=\"section\">\n\t\t\t\t\t\t<div class=\"elementor-container elementor-column-gap-default\">\n\t\t\t\t\t<div class=\"elementor-column elementor-col-50 elementor-top-column elementor-element elementor-element-fcf585b\" data-id=\"fcf585b\" data-element_type=\"column\">\n\t\t\t<div class=\"elementor-widget-wrap elementor-element-populated\">\n\t\t\t\t\t\t\t\t<div class=\"elementor-element elementor-element-b089b38 color-scheme-inherit text-left elementor-widget elementor-widget-text-editor\" data-id=\"b089b38\" data-element_type=\"widget\" data-widget_type=\"text-editor.default\">\n\t\t\t\t<div class=\"elementor-widget-container\">\n\t\t\t\t\t\t\t<p><br \/>Tahran K\u00f6m\u00fcr \u015eirketi 2009 y\u0131l\u0131nda Tahran&#8217;da tescil edildi. Ba\u015flang\u0131\u00e7ta k\u00fc\u00e7\u00fck bir at\u00f6lyede k\u00fc\u00e7\u00fck ambalajlarda limon ve barbek\u00fc k\u00f6m\u00fcr\u00fc ile \u00e7al\u0131\u015fmaya ba\u015flam\u0131\u015f, yava\u015f yava\u015f Allah&#8217;\u0131n izniyle ve \u015firket \u00e7al\u0131\u015fanlar\u0131n\u0131n \u00e7abalar\u0131yla piyasan\u0131n ihtiya\u00e7 duydu\u011fu her t\u00fcrl\u00fc k\u00f6m\u00fcr\u00fc b\u00fcnyesine katm\u0131\u015ft\u0131r. \u00dcr\u00fcn portf\u00f6y\u00fcnde etiket, f\u0131st\u0131k, \u00e7in&#8230; ve<br \/>\u015eu anda Tahran&#8217;\u0131n Ahmedabad Mostofi b\u00f6lgesinde 1000 metre alana sahip bir komplekste \u00fcr\u00fcnlerini haz\u0131rl\u0131yor ve sunuyor.<br \/>Son birka\u00e7 y\u0131lda Tahran&#8217;da ve \u00fclkenin \u00e7e\u015fitli illerinde odun ve s\u0131k\u0131\u015ft\u0131r\u0131lm\u0131\u015f k\u00f6m\u00fcr \u00fcretim cihazlar\u0131, geleneksel ve end\u00fcstriyel f\u0131r\u0131nlar alan\u0131nda yap\u0131lan yo\u011fun yat\u0131r\u0131mlarla sevgilimizin onaylad\u0131\u011f\u0131 en iyi k\u00f6m\u00fcr t\u00fcr\u00fcn\u00fc tedarik etmeye \u00e7al\u0131\u015fm\u0131\u015ft\u0131r. M\u00fc\u015fterileri pazara.<br \/>&#8220;Tehran Dudino&#8221; marka ve logosunu tescil ettiren bu koleksiyon, profesyonel faaliyetine eskisinden daha g\u00fc\u00e7l\u00fc bir \u015fekilde devam ediyor. Ku\u015fkusuz \u015fu anda bu grup t\u00fcm \u0130ran&#8217;daki en eksiksiz kaliteli k\u00f6m\u00fcr \u00fcr\u00fcnleri portf\u00f6y\u00fcnden birini sunmaktad\u0131r.<br \/>Haz\u0131rl\u0131k, paketleme ve da\u011f\u0131t\u0131m\u0131n t\u00fcm a\u015famalar\u0131n\u0131n s\u00fcrekli izlenmesi ve s\u00fcrekli kalite \u00f6l\u00e7\u00fcm\u00fc, siz de\u011ferli m\u00fc\u015fterilerimizin ve yay\u0131n kurulu\u015flar\u0131n\u0131n g\u00fcveninin s\u0131rr\u0131 olmu\u015ftur.<br \/>Daha b\u00fcy\u00fck hedeflere ula\u015fmak i\u00e7in planlamalar devam ediyor.<br \/>Kalite, \u00e7e\u015fitlilik ve yenilik \u015firketin en \u00f6nemli \u00f6ncelikleri olmu\u015ftur.<\/p>\t\t\t\t\t\t<\/div>\n\t\t\t\t<\/div>\n\t\t\t\t\t<\/div>\n\t\t<\/div>\n\t\t\t\t<div class=\"elementor-column elementor-col-50 elementor-top-column elementor-element elementor-element-5797f25\" data-id=\"5797f25\" data-element_type=\"column\">\n\t\t\t<div class=\"elementor-widget-wrap elementor-element-populated\">\n\t\t\t\t\t\t\t\t<div class=\"elementor-element elementor-element-d8678c3 elementor-widget elementor-widget-image-gallery\" data-id=\"d8678c3\" data-element_type=\"widget\" data-widget_type=\"image-gallery.default\">\n\t\t\t\t<div class=\"elementor-widget-container\">\n\t\t\t\t\t<div class=\"elementor-image-gallery\">\n\t\t\t\n\t\t\t<style>\n\t\t\t\t#gallery-1 {\n\t\t\t\t\tmargin: auto;\n\t\t\t\t}\n\t\t\t\t#gallery-1 .gallery-item {\n\t\t\t\t\tfloat: left;\n\t\t\t\t\tmargin-top: 10px;\n\t\t\t\t\ttext-align: center;\n\t\t\t\t\twidth: 25%;\n\t\t\t\t}\n\t\t\t\t#gallery-1 img {\n\t\t\t\t\tmax-width:100%;\n\t\t\t\t}\n\t\t\t\t#gallery-1 .gallery-caption {\n\t\t\t\t\tmargin-left: 0;\n\t\t\t\t}\n\t\t\t<\/style>\n\t\t<div id='gallery-1' class='gallery galleryid-3164 wd-justified-gallery gallery-columns-4 gallery-size-thumbnail'>\n\t\t\t\t\t<a data-elementor-open-lightbox=\"yes\" data-elementor-lightbox-slideshow=\"d8678c3\" data-elementor-lightbox-title=\"a-e1575112502967-200x300\" data-e-action-hash=\"#elementor-action%3Aaction%3Dlightbox%26settings%3DeyJpZCI6Mjc2OCwidXJsIjoiaHR0cHM6XC9cL3RlaHJhbmNvYWwuY29tXC93cC1jb250ZW50XC91cGxvYWRzXC8yMDI0XC8xMlwvYS1lMTU3NTExMjUwMjk2Ny0yMDB4MzAwLTEuanBnIiwic2xpZGVzaG93IjoiZDg2NzhjMyJ9\" href='https:\/\/tehrancoal.com\/wp-content\/uploads\/2024\/12\/a-e1575112502967-200x300-1.jpg'><img loading=\"lazy\" decoding=\"async\" width=\"150\" height=\"150\" src=\"https:\/\/tehrancoal.com\/wp-content\/uploads\/2024\/12\/a-e1575112502967-200x300-1-150x150.jpg\" class=\"attachment-thumbnail size-thumbnail\" alt=\"\" \/><\/a>\n\t\t\t\t\t<a data-elementor-open-lightbox=\"yes\" data-elementor-lightbox-slideshow=\"d8678c3\" data-elementor-lightbox-title=\"WhatsApp-Image-2019-12-01-at-09.36.44-200x300\" data-e-action-hash=\"#elementor-action%3Aaction%3Dlightbox%26settings%3DeyJpZCI6MjY1NywidXJsIjoiaHR0cHM6XC9cL3RlaHJhbmNvYWwuY29tXC93cC1jb250ZW50XC91cGxvYWRzXC8yMDI0XC8xMlwvV2hhdHNBcHAtSW1hZ2UtMjAxOS0xMi0wMS1hdC0wOS4zNi40NC0yMDB4MzAwLTEuanBlZyIsInNsaWRlc2hvdyI6ImQ4Njc4YzMifQ%3D%3D\" href='https:\/\/tehrancoal.com\/wp-content\/uploads\/2024\/12\/WhatsApp-Image-2019-12-01-at-09.36.44-200x300-1.jpeg'><img loading=\"lazy\" decoding=\"async\" width=\"150\" height=\"150\" src=\"https:\/\/tehrancoal.com\/wp-content\/uploads\/2024\/12\/WhatsApp-Image-2019-12-01-at-09.36.44-200x300-1-150x150.jpeg\" class=\"attachment-thumbnail size-thumbnail\" alt=\"\" \/><\/a>\n\t\t\t\t\t<a data-elementor-open-lightbox=\"yes\" data-elementor-lightbox-slideshow=\"d8678c3\" data-elementor-lightbox-title=\"WhatsApp-Image-2019-12-01-at-10.06.27-300x200\" data-e-action-hash=\"#elementor-action%3Aaction%3Dlightbox%26settings%3DeyJpZCI6Mjg5NiwidXJsIjoiaHR0cHM6XC9cL3RlaHJhbmNvYWwuY29tXC93cC1jb250ZW50XC91cGxvYWRzXC8yMDI0XC8xMlwvV2hhdHNBcHAtSW1hZ2UtMjAxOS0xMi0wMS1hdC0xMC4wNi4yNy0zMDB4MjAwLTEuanBlZyIsInNsaWRlc2hvdyI6ImQ4Njc4YzMifQ%3D%3D\" href='https:\/\/tehrancoal.com\/wp-content\/uploads\/2024\/12\/WhatsApp-Image-2019-12-01-at-10.06.27-300x200-1.jpeg'><img loading=\"lazy\" decoding=\"async\" width=\"150\" height=\"150\" src=\"https:\/\/tehrancoal.com\/wp-content\/uploads\/2024\/12\/WhatsApp-Image-2019-12-01-at-10.06.27-300x200-1-150x150.jpeg\" class=\"attachment-thumbnail size-thumbnail\" alt=\"\" \/><\/a>\n\t\t\t\t\t<a data-elementor-open-lightbox=\"yes\" data-elementor-lightbox-slideshow=\"d8678c3\" data-elementor-lightbox-title=\"WhatsApp-Image-2019-12-01-at-10.11.54-300x200\" data-e-action-hash=\"#elementor-action%3Aaction%3Dlightbox%26settings%3DeyJpZCI6MjkwMSwidXJsIjoiaHR0cHM6XC9cL3RlaHJhbmNvYWwuY29tXC93cC1jb250ZW50XC91cGxvYWRzXC8yMDI0XC8xMlwvV2hhdHNBcHAtSW1hZ2UtMjAxOS0xMi0wMS1hdC0xMC4xMS41NC0zMDB4MjAwLTEuanBlZyIsInNsaWRlc2hvdyI6ImQ4Njc4YzMifQ%3D%3D\" href='https:\/\/tehrancoal.com\/wp-content\/uploads\/2024\/12\/WhatsApp-Image-2019-12-01-at-10.11.54-300x200-1.jpeg'><img loading=\"lazy\" decoding=\"async\" width=\"150\" height=\"150\" src=\"https:\/\/tehrancoal.com\/wp-content\/uploads\/2024\/12\/WhatsApp-Image-2019-12-01-at-10.11.54-300x200-1-150x150.jpeg\" class=\"attachment-thumbnail size-thumbnail\" alt=\"\" \/><\/a>\n\t\t\t\t\t<a data-elementor-open-lightbox=\"yes\" data-elementor-lightbox-slideshow=\"d8678c3\" data-elementor-lightbox-title=\"WhatsApp-Image-2019-12-01-at-22.00.12-300x200\" data-e-action-hash=\"#elementor-action%3Aaction%3Dlightbox%26settings%3DeyJpZCI6MjYxNiwidXJsIjoiaHR0cHM6XC9cL3RlaHJhbmNvYWwuY29tXC93cC1jb250ZW50XC91cGxvYWRzXC8yMDI0XC8xMlwvV2hhdHNBcHAtSW1hZ2UtMjAxOS0xMi0wMS1hdC0yMi4wMC4xMi0zMDB4MjAwLTEuanBlZyIsInNsaWRlc2hvdyI6ImQ4Njc4YzMifQ%3D%3D\" href='https:\/\/tehrancoal.com\/wp-content\/uploads\/2024\/12\/WhatsApp-Image-2019-12-01-at-22.00.12-300x200-1.jpeg'><img loading=\"lazy\" decoding=\"async\" width=\"150\" height=\"150\" src=\"https:\/\/tehrancoal.com\/wp-content\/uploads\/2024\/12\/WhatsApp-Image-2019-12-01-at-22.00.12-300x200-1-150x150.jpeg\" class=\"attachment-thumbnail size-thumbnail\" alt=\"\" \/><\/a>\n\t\t\t\t\t<a data-elementor-open-lightbox=\"yes\" data-elementor-lightbox-slideshow=\"d8678c3\" data-elementor-lightbox-title=\"8bad2e37b470f386b6da28f6b924327b-300x200\" data-e-action-hash=\"#elementor-action%3Aaction%3Dlightbox%26settings%3DeyJpZCI6MTUwNiwidXJsIjoiaHR0cHM6XC9cL3RlaHJhbmNvYWwuY29tXC93cC1jb250ZW50XC91cGxvYWRzXC8yMDI0XC8xMFwvOGJhZDJlMzdiNDcwZjM4NmI2ZGEyOGY2YjkyNDMyN2ItMzAweDIwMC0xLmpwZyIsInNsaWRlc2hvdyI6ImQ4Njc4YzMifQ%3D%3D\" href='https:\/\/tehrancoal.com\/wp-content\/uploads\/2024\/10\/8bad2e37b470f386b6da28f6b924327b-300x200-1.jpg'><img loading=\"lazy\" decoding=\"async\" width=\"150\" height=\"150\" src=\"https:\/\/tehrancoal.com\/wp-content\/uploads\/2024\/10\/8bad2e37b470f386b6da28f6b924327b-300x200-1-150x150.jpg\" class=\"attachment-thumbnail size-thumbnail\" alt=\"\" \/><\/a>\n\t\t\t\t\t<a data-elementor-open-lightbox=\"yes\" data-elementor-lightbox-slideshow=\"d8678c3\" data-elementor-lightbox-title=\"413da44e10682e9312275badd040ad81-300x200\" data-e-action-hash=\"#elementor-action%3Aaction%3Dlightbox%26settings%3DeyJpZCI6MTUwNCwidXJsIjoiaHR0cHM6XC9cL3RlaHJhbmNvYWwuY29tXC93cC1jb250ZW50XC91cGxvYWRzXC8yMDI0XC8xMFwvNDEzZGE0NGUxMDY4MmU5MzEyMjc1YmFkZDA0MGFkODEtMzAweDIwMC0xLmpwZyIsInNsaWRlc2hvdyI6ImQ4Njc4YzMifQ%3D%3D\" href='https:\/\/tehrancoal.com\/wp-content\/uploads\/2024\/10\/413da44e10682e9312275badd040ad81-300x200-1.jpg'><img loading=\"lazy\" decoding=\"async\" width=\"150\" height=\"150\" src=\"https:\/\/tehrancoal.com\/wp-content\/uploads\/2024\/10\/413da44e10682e9312275badd040ad81-300x200-1-150x150.jpg\" class=\"attachment-thumbnail size-thumbnail\" alt=\"\" \/><\/a>\n\t\t\t\t\t<a data-elementor-open-lightbox=\"yes\" data-elementor-lightbox-slideshow=\"d8678c3\" data-elementor-lightbox-title=\"WhatsApp-Image-2019-12-01-at-22.22.311-300x300\" data-e-action-hash=\"#elementor-action%3Aaction%3Dlightbox%26settings%3DeyJpZCI6Mjg0MiwidXJsIjoiaHR0cHM6XC9cL3RlaHJhbmNvYWwuY29tXC93cC1jb250ZW50XC91cGxvYWRzXC8yMDI0XC8xMlwvV2hhdHNBcHAtSW1hZ2UtMjAxOS0xMi0wMS1hdC0yMi4yMi4zMTEtMzAweDMwMC0xLmpwZWciLCJzbGlkZXNob3ciOiJkODY3OGMzIn0%3D\" href='https:\/\/tehrancoal.com\/wp-content\/uploads\/2024\/12\/WhatsApp-Image-2019-12-01-at-22.22.311-300x300-1.jpeg'><img loading=\"lazy\" decoding=\"async\" width=\"150\" height=\"150\" src=\"https:\/\/tehrancoal.com\/wp-content\/uploads\/2024\/12\/WhatsApp-Image-2019-12-01-at-22.22.311-300x300-1-150x150.jpeg\" class=\"attachment-thumbnail size-thumbnail\" alt=\"\" srcset=\"https:\/\/tehrancoal.com\/wp-content\/uploads\/2024\/12\/WhatsApp-Image-2019-12-01-at-22.22.311-300x300-1-150x150.jpeg 150w, https:\/\/tehrancoal.com\/wp-content\/uploads\/2024\/12\/WhatsApp-Image-2019-12-01-at-22.22.311-300x300-1.jpeg 300w\" sizes=\"auto, (max-width: 150px) 100vw, 150px\" \/><\/a>\n\t\t\t<\/div>\n\t\t<\/div>\n\t\t\t\t<\/div>\n\t\t\t\t<\/div>\n\t\t\t\t\t<\/div>\n\t\t<\/div>\n\t\t\t\t\t\t\t<\/div>\n\t\t<\/section>\n\t\t\t\t\t\t\t<\/div>\n\t\t","protected":false},"excerpt":{"rendered":"<p>Tahran K\u00f6m\u00fcr \u015eirketi 2009 y\u0131l\u0131nda Tahran&#8217;da tescil edildi. Ba\u015flang\u0131\u00e7ta k\u00fc\u00e7\u00fck bir at\u00f6lyede k\u00fc\u00e7\u00fck ambalajlarda limon ve barbek\u00fc k\u00f6m\u00fcr\u00fc ile \u00e7al\u0131\u015fmaya<\/p>\n","protected":false},"author":2,"featured_media":0,"parent":0,"menu_order":0,"comment_status":"closed","ping_status":"closed","template":"","meta":{"footnotes":""},"class_list":["post-3164","page","type-page","status-publish","hentry"],"yoast_head":"<!-- This site is optimized with the Yoast SEO Premium plugin v23.4 (Yoast SEO v24.0) - https:\/\/yoast.com\/wordpress\/plugins\/seo\/ -->\n<title>Hakk\u0131m\u0131zda - Tahran K\u00f6m\u00fcr \u015eirketi<\/title>\n<meta name=\"robots\" content=\"index, follow, max-snippet:-1, max-image-preview:large, max-video-preview:-1\" \/>\n<link rel=\"canonical\" href=\"https:\/\/tehrancoal.com\/tr\/hakkimizda\/\" \/>\n<meta property=\"og:locale\" content=\"tr_TR\" \/>\n<meta property=\"og:type\" content=\"article\" \/>\n<meta property=\"og:title\" content=\"Hakk\u0131m\u0131zda\" \/>\n<meta property=\"og:description\" content=\"Tahran K\u00f6m\u00fcr \u015eirketi 2009 y\u0131l\u0131nda Tahran&#8217;da tescil edildi. Ba\u015flang\u0131\u00e7ta k\u00fc\u00e7\u00fck bir at\u00f6lyede k\u00fc\u00e7\u00fck ambalajlarda limon ve barbek\u00fc k\u00f6m\u00fcr\u00fc ile \u00e7al\u0131\u015fmaya\" \/>\n<meta property=\"og:url\" content=\"https:\/\/tehrancoal.com\/tr\/hakkimizda\/\" \/>\n<meta property=\"og:site_name\" content=\"Tahran K\u00f6m\u00fcr \u015eirketi\" \/>\n<meta property=\"article:modified_time\" content=\"2025-01-26T10:54:39+00:00\" \/>\n<meta property=\"og:image\" content=\"https:\/\/tehrancoal.com\/wp-content\/uploads\/2024\/12\/a-e1575112502967-200x300-1-150x150.jpg\" \/>\n<meta name=\"twitter:card\" content=\"summary_large_image\" \/>\n<meta name=\"twitter:label1\" content=\"Tahmini okuma s\u00fcresi\" \/>\n\t<meta name=\"twitter:data1\" content=\"3 dakika\" \/>\n<script type=\"application\/ld+json\" class=\"yoast-schema-graph\">{\"@context\":\"https:\/\/schema.org\",\"@graph\":[{\"@type\":\"WebPage\",\"@id\":\"https:\/\/tehrancoal.com\/tr\/hakkimizda\/\",\"url\":\"https:\/\/tehrancoal.com\/tr\/hakkimizda\/\",\"name\":\"Hakk\u0131m\u0131zda - Tahran K\u00f6m\u00fcr \u015eirketi\",\"isPartOf\":{\"@id\":\"https:\/\/tehrancoal.com\/#website\"},\"primaryImageOfPage\":{\"@id\":\"https:\/\/tehrancoal.com\/tr\/hakkimizda\/#primaryimage\"},\"image\":{\"@id\":\"https:\/\/tehrancoal.com\/tr\/hakkimizda\/#primaryimage\"},\"thumbnailUrl\":\"https:\/\/tehrancoal.com\/wp-content\/uploads\/2024\/12\/a-e1575112502967-200x300-1-150x150.jpg\",\"datePublished\":\"2024-12-11T09:51:34+00:00\",\"dateModified\":\"2025-01-26T10:54:39+00:00\",\"breadcrumb\":{\"@id\":\"https:\/\/tehrancoal.com\/tr\/hakkimizda\/#breadcrumb\"},\"inLanguage\":\"tr\",\"potentialAction\":[{\"@type\":\"ReadAction\",\"target\":[\"https:\/\/tehrancoal.com\/tr\/hakkimizda\/\"]}]},{\"@type\":\"ImageObject\",\"inLanguage\":\"tr\",\"@id\":\"https:\/\/tehrancoal.com\/tr\/hakkimizda\/#primaryimage\",\"url\":\"https:\/\/tehrancoal.com\/wp-content\/uploads\/2024\/12\/a-e1575112502967-200x300-1-150x150.jpg\",\"contentUrl\":\"https:\/\/tehrancoal.com\/wp-content\/uploads\/2024\/12\/a-e1575112502967-200x300-1-150x150.jpg\"},{\"@type\":\"BreadcrumbList\",\"@id\":\"https:\/\/tehrancoal.com\/tr\/hakkimizda\/#breadcrumb\",\"itemListElement\":[{\"@type\":\"ListItem\",\"position\":1,\"name\":\"Ev\u067e\",\"item\":\"https:\/\/tehrancoal.com\/tr\/\"},{\"@type\":\"ListItem\",\"position\":2,\"name\":\"Hakk\u0131m\u0131zda\"}]},{\"@type\":\"WebSite\",\"@id\":\"https:\/\/tehrancoal.com\/#website\",\"url\":\"https:\/\/tehrancoal.com\/\",\"name\":\"Tahran K\u00f6m\u00fcr \u015eirketi\",\"description\":\"\u0632\u063a\u0627\u0644 \u062f\u0648\u062f\u06cc\u0646\u0648\",\"potentialAction\":[{\"@type\":\"SearchAction\",\"target\":{\"@type\":\"EntryPoint\",\"urlTemplate\":\"https:\/\/tehrancoal.com\/?s={search_term_string}\"},\"query-input\":{\"@type\":\"PropertyValueSpecification\",\"valueRequired\":true,\"valueName\":\"search_term_string\"}}],\"inLanguage\":\"tr\"}]}<\/script>\n<!-- \/ Yoast SEO Premium plugin. -->","yoast_head_json":{"title":"Hakk\u0131m\u0131zda - Tahran K\u00f6m\u00fcr \u015eirketi","robots":{"index":"index","follow":"follow","max-snippet":"max-snippet:-1","max-image-preview":"max-image-preview:large","max-video-preview":"max-video-preview:-1"},"canonical":"https:\/\/tehrancoal.com\/tr\/hakkimizda\/","og_locale":"tr_TR","og_type":"article","og_title":"Hakk\u0131m\u0131zda","og_description":"Tahran K\u00f6m\u00fcr \u015eirketi 2009 y\u0131l\u0131nda Tahran&#8217;da tescil edildi. Ba\u015flang\u0131\u00e7ta k\u00fc\u00e7\u00fck bir at\u00f6lyede k\u00fc\u00e7\u00fck ambalajlarda limon ve barbek\u00fc k\u00f6m\u00fcr\u00fc ile \u00e7al\u0131\u015fmaya","og_url":"https:\/\/tehrancoal.com\/tr\/hakkimizda\/","og_site_name":"Tahran K\u00f6m\u00fcr \u015eirketi","article_modified_time":"2025-01-26T10:54:39+00:00","og_image":[{"url":"https:\/\/tehrancoal.com\/wp-content\/uploads\/2024\/12\/a-e1575112502967-200x300-1-150x150.jpg","type":"","width":"","height":""}],"twitter_card":"summary_large_image","twitter_misc":{"Tahmini okuma s\u00fcresi":"3 dakika"},"schema":{"@context":"https:\/\/schema.org","@graph":[{"@type":"WebPage","@id":"https:\/\/tehrancoal.com\/tr\/hakkimizda\/","url":"https:\/\/tehrancoal.com\/tr\/hakkimizda\/","name":"Hakk\u0131m\u0131zda - Tahran K\u00f6m\u00fcr \u015eirketi","isPartOf":{"@id":"https:\/\/tehrancoal.com\/#website"},"primaryImageOfPage":{"@id":"https:\/\/tehrancoal.com\/tr\/hakkimizda\/#primaryimage"},"image":{"@id":"https:\/\/tehrancoal.com\/tr\/hakkimizda\/#primaryimage"},"thumbnailUrl":"https:\/\/tehrancoal.com\/wp-content\/uploads\/2024\/12\/a-e1575112502967-200x300-1-150x150.jpg","datePublished":"2024-12-11T09:51:34+00:00","dateModified":"2025-01-26T10:54:39+00:00","breadcrumb":{"@id":"https:\/\/tehrancoal.com\/tr\/hakkimizda\/#breadcrumb"},"inLanguage":"tr","potentialAction":[{"@type":"ReadAction","target":["https:\/\/tehrancoal.com\/tr\/hakkimizda\/"]}]},{"@type":"ImageObject","inLanguage":"tr","@id":"https:\/\/tehrancoal.com\/tr\/hakkimizda\/#primaryimage","url":"https:\/\/tehrancoal.com\/wp-content\/uploads\/2024\/12\/a-e1575112502967-200x300-1-150x150.jpg","contentUrl":"https:\/\/tehrancoal.com\/wp-content\/uploads\/2024\/12\/a-e1575112502967-200x300-1-150x150.jpg"},{"@type":"BreadcrumbList","@id":"https:\/\/tehrancoal.com\/tr\/hakkimizda\/#breadcrumb","itemListElement":[{"@type":"ListItem","position":1,"name":"Ev\u067e","item":"https:\/\/tehrancoal.com\/tr\/"},{"@type":"ListItem","position":2,"name":"Hakk\u0131m\u0131zda"}]},{"@type":"WebSite","@id":"https:\/\/tehrancoal.com\/#website","url":"https:\/\/tehrancoal.com\/","name":"Tahran K\u00f6m\u00fcr \u015eirketi","description":"\u0632\u063a\u0627\u0644 \u062f\u0648\u062f\u06cc\u0646\u0648","potentialAction":[{"@type":"SearchAction","target":{"@type":"EntryPoint","urlTemplate":"https:\/\/tehrancoal.com\/?s={search_term_string}"},"query-input":{"@type":"PropertyValueSpecification","valueRequired":true,"valueName":"search_term_string"}}],"inLanguage":"tr"}]}},"_links":{"self":[{"href":"https:\/\/tehrancoal.com\/tr\/wp-json\/wp\/v2\/pages\/3164","targetHints":{"allow":["GET"]}}],"collection":[{"href":"https:\/\/tehrancoal.com\/tr\/wp-json\/wp\/v2\/pages"}],"about":[{"href":"https:\/\/tehrancoal.com\/tr\/wp-json\/wp\/v2\/types\/page"}],"author":[{"embeddable":true,"href":"https:\/\/tehrancoal.com\/tr\/wp-json\/wp\/v2\/users\/2"}],"replies":[{"embeddable":true,"href":"https:\/\/tehrancoal.com\/tr\/wp-json\/wp\/v2\/comments?post=3164"}],"version-history":[{"count":4,"href":"https:\/\/tehrancoal.com\/tr\/wp-json\/wp\/v2\/pages\/3164\/revisions"}],"predecessor-version":[{"id":3184,"href":"https:\/\/tehrancoal.com\/tr\/wp-json\/wp\/v2\/pages\/3164\/revisions\/3184"}],"wp:attachment":[{"href":"https:\/\/tehrancoal.com\/tr\/wp-json\/wp\/v2\/media?parent=3164"}],"curies":[{"name":"wp","href":"https:\/\/api.w.org\/{rel}","templated":true}]}}