{"id":2928,"date":"2025-01-25T11:30:39","date_gmt":"2025-01-25T12:30:39","guid":{"rendered":"https:\/\/tehrancoal.com\/product\/%da%a9%d8%a8%d8%a7%d8%a8%db%8c-%d8%b4%d8%b4-%da%af%d9%88%d8%b4\/"},"modified":"2025-01-26T07:13:15","modified_gmt":"2025-01-26T08:13:15","slug":"grilled-hexagon","status":"publish","type":"product","link":"https:\/\/tehrancoal.com\/tr\/product\/grilled-hexagon\/","title":{"rendered":"Izgara alt\u0131gen"},"content":{"rendered":"","protected":false},"excerpt":{"rendered":"","protected":false},"featured_media":2533,"comment_status":"open","ping_status":"closed","template":"","meta":[],"product_cat":[194],"product_tag":[],"class_list":{"0":"post-2928","1":"product","2":"type-product","3":"status-publish","4":"has-post-thumbnail","6":"product_cat-grilled-tr","8":"first","9":"instock","10":"shipping-taxable","11":"product-type-simple"},"yoast_head":"<!-- This site is optimized with the Yoast SEO Premium plugin v23.4 (Yoast SEO v24.0) - https:\/\/yoast.com\/wordpress\/plugins\/seo\/ -->\n<title>Izgara alt\u0131gen - Tahran K\u00f6m\u00fcr \u015eirketi<\/title>\n<meta name=\"robots\" content=\"index, follow, max-snippet:-1, max-image-preview:large, max-video-preview:-1\" \/>\n<link rel=\"canonical\" href=\"https:\/\/tehrancoal.com\/tr\/product\/grilled-hexagon\/\" \/>\n<meta property=\"og:locale\" content=\"tr_TR\" \/>\n<meta property=\"og:type\" content=\"article\" \/>\n<meta property=\"og:title\" content=\"Izgara alt\u0131gen\" \/>\n<meta property=\"og:url\" content=\"https:\/\/tehrancoal.com\/tr\/product\/grilled-hexagon\/\" \/>\n<meta property=\"og:site_name\" content=\"Tahran K\u00f6m\u00fcr \u015eirketi\" \/>\n<meta property=\"article:modified_time\" content=\"2025-01-26T08:13:15+00:00\" \/>\n<meta property=\"og:image\" content=\"https:\/\/tehrancoal.com\/wp-content\/uploads\/2025\/01\/\u0632\u063a\u0627\u0644-\u06a9\u0631\u0645-\u067e\u0644\u0627\u062a\u06cc\u0646\u06cc\u0648\u0645.jpg\" \/>\n\t<meta property=\"og:image:width\" content=\"900\" \/>\n\t<meta property=\"og:image:height\" content=\"900\" \/>\n\t<meta property=\"og:image:type\" content=\"image\/jpeg\" \/>\n<meta name=\"twitter:card\" content=\"summary_large_image\" \/>\n<meta name=\"twitter:label1\" content=\"Tahmini okuma s\u00fcresi\" \/>\n\t<meta name=\"twitter:data1\" content=\"1 dakika\" \/>\n<script type=\"application\/ld+json\" class=\"yoast-schema-graph\">{\"@context\":\"https:\/\/schema.org\",\"@graph\":[{\"@type\":\"WebPage\",\"@id\":\"https:\/\/tehrancoal.com\/tr\/product\/grilled-hexagon\/\",\"url\":\"https:\/\/tehrancoal.com\/tr\/product\/grilled-hexagon\/\",\"name\":\"Izgara alt\u0131gen - Tahran K\u00f6m\u00fcr \u015eirketi\",\"isPartOf\":{\"@id\":\"https:\/\/tehrancoal.com\/#website\"},\"primaryImageOfPage\":{\"@id\":\"https:\/\/tehrancoal.com\/tr\/product\/grilled-hexagon\/#primaryimage\"},\"image\":{\"@id\":\"https:\/\/tehrancoal.com\/tr\/product\/grilled-hexagon\/#primaryimage\"},\"thumbnailUrl\":\"https:\/\/tehrancoal.com\/wp-content\/uploads\/2025\/01\/\u0632\u063a\u0627\u0644-\u06a9\u0631\u0645-\u067e\u0644\u0627\u062a\u06cc\u0646\u06cc\u0648\u0645.jpg\",\"datePublished\":\"2025-01-25T12:30:39+00:00\",\"dateModified\":\"2025-01-26T08:13:15+00:00\",\"breadcrumb\":{\"@id\":\"https:\/\/tehrancoal.com\/tr\/product\/grilled-hexagon\/#breadcrumb\"},\"inLanguage\":\"tr\",\"potentialAction\":[{\"@type\":\"ReadAction\",\"target\":[\"https:\/\/tehrancoal.com\/tr\/product\/grilled-hexagon\/\"]}]},{\"@type\":\"ImageObject\",\"inLanguage\":\"tr\",\"@id\":\"https:\/\/tehrancoal.com\/tr\/product\/grilled-hexagon\/#primaryimage\",\"url\":\"https:\/\/tehrancoal.com\/wp-content\/uploads\/2025\/01\/\u0632\u063a\u0627\u0644-\u06a9\u0631\u0645-\u067e\u0644\u0627\u062a\u06cc\u0646\u06cc\u0648\u0645.jpg\",\"contentUrl\":\"https:\/\/tehrancoal.com\/wp-content\/uploads\/2025\/01\/\u0632\u063a\u0627\u0644-\u06a9\u0631\u0645-\u067e\u0644\u0627\u062a\u06cc\u0646\u06cc\u0648\u0645.jpg\",\"width\":900,\"height\":900},{\"@type\":\"BreadcrumbList\",\"@id\":\"https:\/\/tehrancoal.com\/tr\/product\/grilled-hexagon\/#breadcrumb\",\"itemListElement\":[{\"@type\":\"ListItem\",\"position\":1,\"name\":\"Ev\u067e\",\"item\":\"https:\/\/tehrancoal.com\/tr\/\"},{\"@type\":\"ListItem\",\"position\":2,\"name\":\"\u0641\u0631\u0648\u0634\u06af\u0627\u0647\",\"item\":\"https:\/\/tehrancoal.com\/en\/store\/\"},{\"@type\":\"ListItem\",\"position\":3,\"name\":\"Izgara alt\u0131gen\"}]},{\"@type\":\"WebSite\",\"@id\":\"https:\/\/tehrancoal.com\/#website\",\"url\":\"https:\/\/tehrancoal.com\/\",\"name\":\"Tahran K\u00f6m\u00fcr \u015eirketi\",\"description\":\"\u0632\u063a\u0627\u0644 \u062f\u0648\u062f\u06cc\u0646\u0648\",\"potentialAction\":[{\"@type\":\"SearchAction\",\"target\":{\"@type\":\"EntryPoint\",\"urlTemplate\":\"https:\/\/tehrancoal.com\/?s={search_term_string}\"},\"query-input\":{\"@type\":\"PropertyValueSpecification\",\"valueRequired\":true,\"valueName\":\"search_term_string\"}}],\"inLanguage\":\"tr\"}]}<\/script>\n<!-- \/ Yoast SEO Premium plugin. -->","yoast_head_json":{"title":"Izgara alt\u0131gen - Tahran K\u00f6m\u00fcr \u015eirketi","robots":{"index":"index","follow":"follow","max-snippet":"max-snippet:-1","max-image-preview":"max-image-preview:large","max-video-preview":"max-video-preview:-1"},"canonical":"https:\/\/tehrancoal.com\/tr\/product\/grilled-hexagon\/","og_locale":"tr_TR","og_type":"article","og_title":"Izgara alt\u0131gen","og_url":"https:\/\/tehrancoal.com\/tr\/product\/grilled-hexagon\/","og_site_name":"Tahran K\u00f6m\u00fcr \u015eirketi","article_modified_time":"2025-01-26T08:13:15+00:00","og_image":[{"width":900,"height":900,"url":"https:\/\/tehrancoal.com\/wp-content\/uploads\/2025\/01\/\u0632\u063a\u0627\u0644-\u06a9\u0631\u0645-\u067e\u0644\u0627\u062a\u06cc\u0646\u06cc\u0648\u0645.jpg","type":"image\/jpeg"}],"twitter_card":"summary_large_image","twitter_misc":{"Tahmini okuma s\u00fcresi":"1 dakika"},"schema":{"@context":"https:\/\/schema.org","@graph":[{"@type":"WebPage","@id":"https:\/\/tehrancoal.com\/tr\/product\/grilled-hexagon\/","url":"https:\/\/tehrancoal.com\/tr\/product\/grilled-hexagon\/","name":"Izgara alt\u0131gen - Tahran K\u00f6m\u00fcr \u015eirketi","isPartOf":{"@id":"https:\/\/tehrancoal.com\/#website"},"primaryImageOfPage":{"@id":"https:\/\/tehrancoal.com\/tr\/product\/grilled-hexagon\/#primaryimage"},"image":{"@id":"https:\/\/tehrancoal.com\/tr\/product\/grilled-hexagon\/#primaryimage"},"thumbnailUrl":"https:\/\/tehrancoal.com\/wp-content\/uploads\/2025\/01\/\u0632\u063a\u0627\u0644-\u06a9\u0631\u0645-\u067e\u0644\u0627\u062a\u06cc\u0646\u06cc\u0648\u0645.jpg","datePublished":"2025-01-25T12:30:39+00:00","dateModified":"2025-01-26T08:13:15+00:00","breadcrumb":{"@id":"https:\/\/tehrancoal.com\/tr\/product\/grilled-hexagon\/#breadcrumb"},"inLanguage":"tr","potentialAction":[{"@type":"ReadAction","target":["https:\/\/tehrancoal.com\/tr\/product\/grilled-hexagon\/"]}]},{"@type":"ImageObject","inLanguage":"tr","@id":"https:\/\/tehrancoal.com\/tr\/product\/grilled-hexagon\/#primaryimage","url":"https:\/\/tehrancoal.com\/wp-content\/uploads\/2025\/01\/\u0632\u063a\u0627\u0644-\u06a9\u0631\u0645-\u067e\u0644\u0627\u062a\u06cc\u0646\u06cc\u0648\u0645.jpg","contentUrl":"https:\/\/tehrancoal.com\/wp-content\/uploads\/2025\/01\/\u0632\u063a\u0627\u0644-\u06a9\u0631\u0645-\u067e\u0644\u0627\u062a\u06cc\u0646\u06cc\u0648\u0645.jpg","width":900,"height":900},{"@type":"BreadcrumbList","@id":"https:\/\/tehrancoal.com\/tr\/product\/grilled-hexagon\/#breadcrumb","itemListElement":[{"@type":"ListItem","position":1,"name":"Ev\u067e","item":"https:\/\/tehrancoal.com\/tr\/"},{"@type":"ListItem","position":2,"name":"\u0641\u0631\u0648\u0634\u06af\u0627\u0647","item":"https:\/\/tehrancoal.com\/en\/store\/"},{"@type":"ListItem","position":3,"name":"Izgara alt\u0131gen"}]},{"@type":"WebSite","@id":"https:\/\/tehrancoal.com\/#website","url":"https:\/\/tehrancoal.com\/","name":"Tahran K\u00f6m\u00fcr \u015eirketi","description":"\u0632\u063a\u0627\u0644 \u062f\u0648\u062f\u06cc\u0646\u0648","potentialAction":[{"@type":"SearchAction","target":{"@type":"EntryPoint","urlTemplate":"https:\/\/tehrancoal.com\/?s={search_term_string}"},"query-input":{"@type":"PropertyValueSpecification","valueRequired":true,"valueName":"search_term_string"}}],"inLanguage":"tr"}]}},"_links":{"self":[{"href":"https:\/\/tehrancoal.com\/tr\/wp-json\/wp\/v2\/product\/2928","targetHints":{"allow":["GET"]}}],"collection":[{"href":"https:\/\/tehrancoal.com\/tr\/wp-json\/wp\/v2\/product"}],"about":[{"href":"https:\/\/tehrancoal.com\/tr\/wp-json\/wp\/v2\/types\/product"}],"replies":[{"embeddable":true,"href":"https:\/\/tehrancoal.com\/tr\/wp-json\/wp\/v2\/comments?post=2928"}],"version-history":[{"count":1,"href":"https:\/\/tehrancoal.com\/tr\/wp-json\/wp\/v2\/product\/2928\/revisions"}],"predecessor-version":[{"id":2956,"href":"https:\/\/tehrancoal.com\/tr\/wp-json\/wp\/v2\/product\/2928\/revisions\/2956"}],"wp:featuredmedia":[{"embeddable":true,"href":"https:\/\/tehrancoal.com\/tr\/wp-json\/wp\/v2\/media\/2533"}],"wp:attachment":[{"href":"https:\/\/tehrancoal.com\/tr\/wp-json\/wp\/v2\/media?parent=2928"}],"wp:term":[{"taxonomy":"product_cat","embeddable":true,"href":"https:\/\/tehrancoal.com\/tr\/wp-json\/wp\/v2\/product_cat?post=2928"},{"taxonomy":"product_tag","embeddable":true,"href":"https:\/\/tehrancoal.com\/tr\/wp-json\/wp\/v2\/product_tag?post=2928"}],"curies":[{"name":"wp","href":"https:\/\/api.w.org\/{rel}","templated":true}]}}