{"id":3108,"date":"2024-11-16T09:28:56","date_gmt":"2024-11-16T10:28:56","guid":{"rendered":"https:\/\/tehrancoal.com\/product\/%da%a9%d8%a8%d8%a7%d8%a8%db%8c-%d8%ac%d9%86%da%af%d9%84%db%8c-%d9%85%d9%85%d8%aa%d8%a7%d8%b2-%da%86%d8%b1%db%8c%da%a9%db%8c\/"},"modified":"2025-01-26T09:19:31","modified_gmt":"2025-01-26T10:19:31","slug":"jungle-1300-grams-guerrilla","status":"publish","type":"product","link":"https:\/\/tehrancoal.com\/tr\/product\/jungle-1300-grams-guerrilla\/","title":{"rendered":"Orman 1300 gram gerilla"},"content":{"rendered":"<p>L\u00fcks k\u00f6m\u00fcr \u0131zgaras\u0131<br \/>\nLaminat \u00e7uval ambalaj\u0131<br \/>\nK\u0131v\u0131lc\u0131ms\u0131z bah\u00e7e \u0131zgaras\u0131<br \/>\nHer paketin a\u011f\u0131rl\u0131\u011f\u0131 1300 gramd\u0131r<br \/>\nKutudaki numara 7 adettir<\/p>\n","protected":false},"excerpt":{"rendered":"<p>L\u00fcks k\u00f6m\u00fcr \u0131zgaras\u0131 Laminat \u00e7uval ambalaj\u0131 K\u0131v\u0131lc\u0131ms\u0131z bah\u00e7e \u0131zgaras\u0131 Her paketin a\u011f\u0131rl\u0131\u011f\u0131 1300 gramd\u0131r Kutudaki numara 7 adettir<\/p>\n","protected":false},"featured_media":2520,"comment_status":"open","ping_status":"closed","template":"","meta":[],"product_cat":[189],"product_tag":[],"class_list":{"0":"post-3108","1":"product","2":"type-product","3":"status-publish","4":"has-post-thumbnail","6":"product_cat-natural-charcoal-grill-tr","8":"first","9":"instock","10":"shipping-taxable","11":"product-type-simple"},"yoast_head":"<!-- This site is optimized with the Yoast SEO Premium plugin v23.4 (Yoast SEO v24.0) - https:\/\/yoast.com\/wordpress\/plugins\/seo\/ -->\n<title>Orman 1300 gram gerilla - Tahran K\u00f6m\u00fcr \u015eirketi<\/title>\n<meta name=\"robots\" content=\"index, follow, max-snippet:-1, max-image-preview:large, max-video-preview:-1\" \/>\n<link rel=\"canonical\" href=\"https:\/\/tehrancoal.com\/tr\/product\/jungle-1300-grams-guerrilla\/\" \/>\n<meta property=\"og:locale\" content=\"tr_TR\" \/>\n<meta property=\"og:type\" content=\"article\" \/>\n<meta property=\"og:title\" content=\"Orman 1300 gram gerilla\" \/>\n<meta property=\"og:description\" content=\"L\u00fcks k\u00f6m\u00fcr \u0131zgaras\u0131 Laminat \u00e7uval ambalaj\u0131 K\u0131v\u0131lc\u0131ms\u0131z bah\u00e7e \u0131zgaras\u0131 Her paketin a\u011f\u0131rl\u0131\u011f\u0131 1300 gramd\u0131r Kutudaki numara 7 adettir\" \/>\n<meta property=\"og:url\" content=\"https:\/\/tehrancoal.com\/tr\/product\/jungle-1300-grams-guerrilla\/\" \/>\n<meta property=\"og:site_name\" content=\"Tahran K\u00f6m\u00fcr \u015eirketi\" \/>\n<meta property=\"article:modified_time\" content=\"2025-01-26T10:19:31+00:00\" \/>\n<meta property=\"og:image\" content=\"https:\/\/tehrancoal.com\/wp-content\/uploads\/2024\/11\/\u0632\u063a\u0627\u0644-\u06a9\u0628\u0627\u0628\u06cc-\u0637\u0628\u06cc\u0639\u06cc-2.jpg\" \/>\n\t<meta property=\"og:image:width\" content=\"900\" \/>\n\t<meta property=\"og:image:height\" content=\"900\" \/>\n\t<meta property=\"og:image:type\" content=\"image\/jpeg\" \/>\n<meta name=\"twitter:card\" content=\"summary_large_image\" \/>\n<meta name=\"twitter:label1\" content=\"Tahmini okuma s\u00fcresi\" \/>\n\t<meta name=\"twitter:data1\" content=\"1 dakika\" \/>\n<script type=\"application\/ld+json\" class=\"yoast-schema-graph\">{\"@context\":\"https:\/\/schema.org\",\"@graph\":[{\"@type\":\"WebPage\",\"@id\":\"https:\/\/tehrancoal.com\/tr\/product\/jungle-1300-grams-guerrilla\/\",\"url\":\"https:\/\/tehrancoal.com\/tr\/product\/jungle-1300-grams-guerrilla\/\",\"name\":\"Orman 1300 gram gerilla - Tahran K\u00f6m\u00fcr \u015eirketi\",\"isPartOf\":{\"@id\":\"https:\/\/tehrancoal.com\/#website\"},\"primaryImageOfPage\":{\"@id\":\"https:\/\/tehrancoal.com\/tr\/product\/jungle-1300-grams-guerrilla\/#primaryimage\"},\"image\":{\"@id\":\"https:\/\/tehrancoal.com\/tr\/product\/jungle-1300-grams-guerrilla\/#primaryimage\"},\"thumbnailUrl\":\"https:\/\/tehrancoal.com\/wp-content\/uploads\/2024\/11\/\u0632\u063a\u0627\u0644-\u06a9\u0628\u0627\u0628\u06cc-\u0637\u0628\u06cc\u0639\u06cc-2.jpg\",\"datePublished\":\"2024-11-16T10:28:56+00:00\",\"dateModified\":\"2025-01-26T10:19:31+00:00\",\"breadcrumb\":{\"@id\":\"https:\/\/tehrancoal.com\/tr\/product\/jungle-1300-grams-guerrilla\/#breadcrumb\"},\"inLanguage\":\"tr\",\"potentialAction\":[{\"@type\":\"ReadAction\",\"target\":[\"https:\/\/tehrancoal.com\/tr\/product\/jungle-1300-grams-guerrilla\/\"]}]},{\"@type\":\"ImageObject\",\"inLanguage\":\"tr\",\"@id\":\"https:\/\/tehrancoal.com\/tr\/product\/jungle-1300-grams-guerrilla\/#primaryimage\",\"url\":\"https:\/\/tehrancoal.com\/wp-content\/uploads\/2024\/11\/\u0632\u063a\u0627\u0644-\u06a9\u0628\u0627\u0628\u06cc-\u0637\u0628\u06cc\u0639\u06cc-2.jpg\",\"contentUrl\":\"https:\/\/tehrancoal.com\/wp-content\/uploads\/2024\/11\/\u0632\u063a\u0627\u0644-\u06a9\u0628\u0627\u0628\u06cc-\u0637\u0628\u06cc\u0639\u06cc-2.jpg\",\"width\":900,\"height\":900},{\"@type\":\"BreadcrumbList\",\"@id\":\"https:\/\/tehrancoal.com\/tr\/product\/jungle-1300-grams-guerrilla\/#breadcrumb\",\"itemListElement\":[{\"@type\":\"ListItem\",\"position\":1,\"name\":\"Ev\u067e\",\"item\":\"https:\/\/tehrancoal.com\/tr\/\"},{\"@type\":\"ListItem\",\"position\":2,\"name\":\"\u0641\u0631\u0648\u0634\u06af\u0627\u0647\",\"item\":\"https:\/\/tehrancoal.com\/en\/store\/\"},{\"@type\":\"ListItem\",\"position\":3,\"name\":\"Orman 1300 gram gerilla\"}]},{\"@type\":\"WebSite\",\"@id\":\"https:\/\/tehrancoal.com\/#website\",\"url\":\"https:\/\/tehrancoal.com\/\",\"name\":\"Tahran K\u00f6m\u00fcr \u015eirketi\",\"description\":\"\u0632\u063a\u0627\u0644 \u062f\u0648\u062f\u06cc\u0646\u0648\",\"potentialAction\":[{\"@type\":\"SearchAction\",\"target\":{\"@type\":\"EntryPoint\",\"urlTemplate\":\"https:\/\/tehrancoal.com\/?s={search_term_string}\"},\"query-input\":{\"@type\":\"PropertyValueSpecification\",\"valueRequired\":true,\"valueName\":\"search_term_string\"}}],\"inLanguage\":\"tr\"}]}<\/script>\n<!-- \/ Yoast SEO Premium plugin. -->","yoast_head_json":{"title":"Orman 1300 gram gerilla - Tahran K\u00f6m\u00fcr \u015eirketi","robots":{"index":"index","follow":"follow","max-snippet":"max-snippet:-1","max-image-preview":"max-image-preview:large","max-video-preview":"max-video-preview:-1"},"canonical":"https:\/\/tehrancoal.com\/tr\/product\/jungle-1300-grams-guerrilla\/","og_locale":"tr_TR","og_type":"article","og_title":"Orman 1300 gram gerilla","og_description":"L\u00fcks k\u00f6m\u00fcr \u0131zgaras\u0131 Laminat \u00e7uval ambalaj\u0131 K\u0131v\u0131lc\u0131ms\u0131z bah\u00e7e \u0131zgaras\u0131 Her paketin a\u011f\u0131rl\u0131\u011f\u0131 1300 gramd\u0131r Kutudaki numara 7 adettir","og_url":"https:\/\/tehrancoal.com\/tr\/product\/jungle-1300-grams-guerrilla\/","og_site_name":"Tahran K\u00f6m\u00fcr \u015eirketi","article_modified_time":"2025-01-26T10:19:31+00:00","og_image":[{"width":900,"height":900,"url":"https:\/\/tehrancoal.com\/wp-content\/uploads\/2024\/11\/\u0632\u063a\u0627\u0644-\u06a9\u0628\u0627\u0628\u06cc-\u0637\u0628\u06cc\u0639\u06cc-2.jpg","type":"image\/jpeg"}],"twitter_card":"summary_large_image","twitter_misc":{"Tahmini okuma s\u00fcresi":"1 dakika"},"schema":{"@context":"https:\/\/schema.org","@graph":[{"@type":"WebPage","@id":"https:\/\/tehrancoal.com\/tr\/product\/jungle-1300-grams-guerrilla\/","url":"https:\/\/tehrancoal.com\/tr\/product\/jungle-1300-grams-guerrilla\/","name":"Orman 1300 gram gerilla - Tahran K\u00f6m\u00fcr \u015eirketi","isPartOf":{"@id":"https:\/\/tehrancoal.com\/#website"},"primaryImageOfPage":{"@id":"https:\/\/tehrancoal.com\/tr\/product\/jungle-1300-grams-guerrilla\/#primaryimage"},"image":{"@id":"https:\/\/tehrancoal.com\/tr\/product\/jungle-1300-grams-guerrilla\/#primaryimage"},"thumbnailUrl":"https:\/\/tehrancoal.com\/wp-content\/uploads\/2024\/11\/\u0632\u063a\u0627\u0644-\u06a9\u0628\u0627\u0628\u06cc-\u0637\u0628\u06cc\u0639\u06cc-2.jpg","datePublished":"2024-11-16T10:28:56+00:00","dateModified":"2025-01-26T10:19:31+00:00","breadcrumb":{"@id":"https:\/\/tehrancoal.com\/tr\/product\/jungle-1300-grams-guerrilla\/#breadcrumb"},"inLanguage":"tr","potentialAction":[{"@type":"ReadAction","target":["https:\/\/tehrancoal.com\/tr\/product\/jungle-1300-grams-guerrilla\/"]}]},{"@type":"ImageObject","inLanguage":"tr","@id":"https:\/\/tehrancoal.com\/tr\/product\/jungle-1300-grams-guerrilla\/#primaryimage","url":"https:\/\/tehrancoal.com\/wp-content\/uploads\/2024\/11\/\u0632\u063a\u0627\u0644-\u06a9\u0628\u0627\u0628\u06cc-\u0637\u0628\u06cc\u0639\u06cc-2.jpg","contentUrl":"https:\/\/tehrancoal.com\/wp-content\/uploads\/2024\/11\/\u0632\u063a\u0627\u0644-\u06a9\u0628\u0627\u0628\u06cc-\u0637\u0628\u06cc\u0639\u06cc-2.jpg","width":900,"height":900},{"@type":"BreadcrumbList","@id":"https:\/\/tehrancoal.com\/tr\/product\/jungle-1300-grams-guerrilla\/#breadcrumb","itemListElement":[{"@type":"ListItem","position":1,"name":"Ev\u067e","item":"https:\/\/tehrancoal.com\/tr\/"},{"@type":"ListItem","position":2,"name":"\u0641\u0631\u0648\u0634\u06af\u0627\u0647","item":"https:\/\/tehrancoal.com\/en\/store\/"},{"@type":"ListItem","position":3,"name":"Orman 1300 gram gerilla"}]},{"@type":"WebSite","@id":"https:\/\/tehrancoal.com\/#website","url":"https:\/\/tehrancoal.com\/","name":"Tahran K\u00f6m\u00fcr \u015eirketi","description":"\u0632\u063a\u0627\u0644 \u062f\u0648\u062f\u06cc\u0646\u0648","potentialAction":[{"@type":"SearchAction","target":{"@type":"EntryPoint","urlTemplate":"https:\/\/tehrancoal.com\/?s={search_term_string}"},"query-input":{"@type":"PropertyValueSpecification","valueRequired":true,"valueName":"search_term_string"}}],"inLanguage":"tr"}]}},"_links":{"self":[{"href":"https:\/\/tehrancoal.com\/tr\/wp-json\/wp\/v2\/product\/3108","targetHints":{"allow":["GET"]}}],"collection":[{"href":"https:\/\/tehrancoal.com\/tr\/wp-json\/wp\/v2\/product"}],"about":[{"href":"https:\/\/tehrancoal.com\/tr\/wp-json\/wp\/v2\/types\/product"}],"replies":[{"embeddable":true,"href":"https:\/\/tehrancoal.com\/tr\/wp-json\/wp\/v2\/comments?post=3108"}],"version-history":[{"count":2,"href":"https:\/\/tehrancoal.com\/tr\/wp-json\/wp\/v2\/product\/3108\/revisions"}],"predecessor-version":[{"id":3114,"href":"https:\/\/tehrancoal.com\/tr\/wp-json\/wp\/v2\/product\/3108\/revisions\/3114"}],"wp:featuredmedia":[{"embeddable":true,"href":"https:\/\/tehrancoal.com\/tr\/wp-json\/wp\/v2\/media\/2520"}],"wp:attachment":[{"href":"https:\/\/tehrancoal.com\/tr\/wp-json\/wp\/v2\/media?parent=3108"}],"wp:term":[{"taxonomy":"product_cat","embeddable":true,"href":"https:\/\/tehrancoal.com\/tr\/wp-json\/wp\/v2\/product_cat?post=3108"},{"taxonomy":"product_tag","embeddable":true,"href":"https:\/\/tehrancoal.com\/tr\/wp-json\/wp\/v2\/product_tag?post=3108"}],"curies":[{"name":"wp","href":"https:\/\/api.w.org\/{rel}","templated":true}]}}